{"id":488,"date":"2025-09-26T12:28:01","date_gmt":"2025-09-26T12:28:01","guid":{"rendered":"https:\/\/myfischerhof.com\/?page_id=488"},"modified":"2025-10-31T07:56:23","modified_gmt":"2025-10-31T07:56:23","slug":"impressum","status":"publish","type":"page","link":"https:\/\/myfischerhof.com\/it\/impressum\/","title":{"rendered":"Note legali"},"content":{"rendered":"<div data-elementor-type=\"wp-page\" data-elementor-id=\"488\" class=\"elementor elementor-488\" data-elementor-post-type=\"page\">\n\t\t\t\t<div class=\"elementor-element elementor-element-6fa1675 e-flex e-con-boxed e-con e-parent\" data-id=\"6fa1675\" data-element_type=\"container\" data-e-type=\"container\" data-settings=\"{&quot;background_background&quot;:&quot;classic&quot;}\">\n\t\t\t\t\t<div class=\"e-con-inner\">\n\t\t\t\t<div class=\"elementor-element elementor-element-650c928 elementor-icon-list--layout-traditional elementor-list-item-link-full_width elementor-widget elementor-widget-icon-list\" data-id=\"650c928\" data-element_type=\"widget\" data-e-type=\"widget\" data-widget_type=\"icon-list.default\">\n\t\t\t\t<div class=\"elementor-widget-container\">\n\t\t\t\t\t\t\t<ul class=\"elementor-icon-list-items\">\n\t\t\t\t\t\t\t<li class=\"elementor-icon-list-item\">\n\t\t\t\t\t\t\t\t\t\t\t<a href=\"\/it\/\">\n\n\t\t\t\t\t\t\t\t\t\t\t\t<span class=\"elementor-icon-list-icon\">\n\t\t\t\t\t\t\t<svg aria-hidden=\"true\" class=\"e-font-icon-svg e-fas-angle-double-left\" viewbox=\"0 0 448 512\" xmlns=\"http:\/\/www.w3.org\/2000\/svg\"><path d=\"M223.7 239l136-136c9.4-9.4 24.6-9.4 33.9 0l22.6 22.6c9.4 9.4 9.4 24.6 0 33.9L319.9 256l96.4 96.4c9.4 9.4 9.4 24.6 0 33.9L393.7 409c-9.4 9.4-24.6 9.4-33.9 0l-136-136c-9.5-9.4-9.5-24.6-.1-34zm-192 34l136 136c9.4 9.4 24.6 9.4 33.9 0l22.6-22.6c9.4-9.4 9.4-24.6 0-33.9L127.9 256l96.4-96.4c9.4-9.4 9.4-24.6 0-33.9L201.7 103c-9.4-9.4-24.6-9.4-33.9 0l-136 136c-9.5 9.4-9.5 24.6-.1 34z\"><\/path><\/svg>\t\t\t\t\t\t<\/span>\n\t\t\t\t\t\t\t\t\t\t<span class=\"elementor-icon-list-text\">Torna alla pagina iniziale<\/span>\n\t\t\t\t\t\t\t\t\t\t\t<\/a>\n\t\t\t\t\t\t\t\t\t<\/li>\n\t\t\t\t\t\t<\/ul>\n\t\t\t\t\t\t<\/div>\n\t\t\t\t<\/div>\n\t\t\t\t<div class=\"elementor-element elementor-element-52c98ca elementor-widget elementor-widget-heading\" data-id=\"52c98ca\" data-element_type=\"widget\" data-e-type=\"widget\" data-widget_type=\"heading.default\">\n\t\t\t\t<div class=\"elementor-widget-container\">\n\t\t\t\t\t<h2 class=\"elementor-heading-title elementor-size-default\">Note legali<\/h2>\t\t\t\t<\/div>\n\t\t\t\t<\/div>\n\t\t\t\t<div class=\"elementor-element elementor-element-a233d46 elementor-widget elementor-widget-text-editor\" data-id=\"a233d46\" data-element_type=\"widget\" data-e-type=\"widget\" data-widget_type=\"text-editor.default\">\n\t\t\t\t<div class=\"elementor-widget-container\">\n\t\t\t\t\t\t\t\t\t<p><strong>Proprietario e responsabile dei contenuti<\/strong><\/p><p>Fischerhof - Cortaccia sulla strada del vino<br \/>Horst Fischer (titolare)<br \/>Via Breitbach 5<br \/>39040 Cortaccia sulla strada del vino (Alto Adige, Italia)<\/p><p><strong>Persona di contatto:<\/strong> <br \/>Signore Horst Fischer<br \/>E-Mail: <a href=\"mailto:info@fischerhof-kurtatsch.com\">info@fischerhof-kurtatsch.com<\/a><br \/>Telefon: <a href=\"tel: +390471880022\">+39 0471 880022<\/a><br \/>Sito web: <a href=\"http:\/\/www.myfischerhof.it\">www.myfischerhof.it<\/a><\/p><p>PARTITA IVA: IT 02201070212<br \/>Iscrizione alla Camera di Commercio di Bolzano \u2013 REA n. BZ162427<\/p><p><strong>Concetto &amp; Design<\/strong> <br \/>Studio Well<br \/><a href=\"http:\/\/www.we-ll.it\">www.we-ll.it<\/a><\/p><p>Persona di contatto: <br \/>Elisabeth Pichler-Volp<\/p><p><strong>Sviluppo del sito web:<\/strong> <br \/>Studio Z\u00e8<br \/><a href=\"http:\/\/www.studio-ze.de\">www.studio-ze.de<\/a><\/p><p>Persona di contatto: <br \/>Ivan Zelenika<\/p><p><strong data-start=\"200\" data-end=\"215\">Photography:<\/strong><br data-start=\"215\" data-end=\"218\" \/>Thomas Monsorno<br \/><a class=\"decorated-link\" href=\"https:\/\/www.thomasmonsorno.com\" target=\"_new\" rel=\"noopener\" data-start=\"236\" data-end=\"292\">www.thomasmonsorno.com<\/a><\/p><p><strong>Disclaimer<\/strong><br \/>Nonostante l\u2019accurato controllo dei contenuti, non ci assumiamo alcuna responsabilit\u00e0 per i contenuti dei link esterni. <br \/>Per il contenuto delle pagine collegate sono responsabili esclusivamente i rispettivi gestori.<\/p><p><strong>Informativa sulla privacy<\/strong><br \/>Le informazioni sulla protezione dei dati sono disponibili nella nostra privacy policy.<\/p><p><strong>Risoluzione delle controversie con i consumatori<\/strong><br \/>Informazioni generali sui diritti dei consumatori e sui meccanismi di risoluzione alternativa delle controversie nell\u2019UE sono disponibili sulla pagina ufficiale <a href=\"https:\/\/commission.europa.eu\/live-work-travel-eu\/consumer-rights-and-complaints_it\">https:\/\/commission.europa.eu\/live-work-travel-eu\/consumer-rights-and-complaints_it<\/a><\/p><p>Il Fischerhof non \u00e8 tenuto n\u00e9 disposto a partecipare a procedure di risoluzione delle controversie davanti a un organismo di conciliazione per i consumatori.<\/p>\t\t\t\t\t\t\t\t<\/div>\n\t\t\t\t<\/div>\n\t\t\t\t\t<\/div>\n\t\t\t\t<\/div>\n\t\t\t\t<\/div>","protected":false},"excerpt":{"rendered":"<p>zur\u00fcck zur Startseite Impressum Eigent\u00fcmer &amp; Verantwortlich f\u00fcr den Inhalt Fischerhof KurtatschHorst Fischer (Inhaber)Breitbach 539040 Kurtatsch (S\u00fcdtirol, Italien) Ansprechpartner: Herr Horst FischerE-Mail: info@fischerhof-kurtatsch.comTelefon: +39 0471 880022Website: www.myfischerhof.it MwSt.-Nr.: IT 02201070212Eintragung Handelskammer Bozen &#8211; REA Nr. BZ162427 Konzeption &amp; Design: Studio Wellwww.we-ll.it Ansprechpartner*in: Elisabeth Pichler-Volp Programmierung: Studio Z\u00e8www.studio-ze.de Ansprechpartner: Ivan Zelenika Fotografie:Thomas Monsornowww.thomasmonsorno.com HaftungsausschlussTrotz sorgf\u00e4ltiger inhaltlicher [&hellip;]<\/p>\n","protected":false},"author":1,"featured_media":0,"parent":0,"menu_order":0,"comment_status":"closed","ping_status":"closed","template":"","meta":{"footnotes":""},"class_list":["post-488","page","type-page","status-publish","hentry"],"yoast_head":"<!-- This site is optimized with the Yoast SEO plugin v27.1.1 - https:\/\/yoast.com\/product\/yoast-seo-wordpress\/ -->\n<title>Impressum - Fischerhof Kurtatsch S\u00fcdtirol Pizzeria<\/title>\n<meta name=\"robots\" content=\"index, follow, max-snippet:-1, max-image-preview:large, max-video-preview:-1\" \/>\n<link rel=\"canonical\" href=\"https:\/\/myfischerhof.com\/it\/impressum\/\" \/>\n<meta property=\"og:locale\" content=\"it_IT\" \/>\n<meta property=\"og:type\" content=\"article\" \/>\n<meta property=\"og:title\" content=\"Impressum - Fischerhof Kurtatsch S\u00fcdtirol Pizzeria\" \/>\n<meta property=\"og:description\" content=\"zur\u00fcck zur Startseite Impressum Eigent\u00fcmer &amp; Verantwortlich f\u00fcr den Inhalt Fischerhof KurtatschHorst Fischer (Inhaber)Breitbach 539040 Kurtatsch (S\u00fcdtirol, Italien) Ansprechpartner: Herr Horst FischerE-Mail: info@fischerhof-kurtatsch.comTelefon: +39 0471 880022Website: www.myfischerhof.it MwSt.-Nr.: IT 02201070212Eintragung Handelskammer Bozen &#8211; REA Nr. BZ162427 Konzeption &amp; Design: Studio Wellwww.we-ll.it Ansprechpartner*in: Elisabeth Pichler-Volp Programmierung: Studio Z\u00e8www.studio-ze.de Ansprechpartner: Ivan Zelenika Fotografie:Thomas Monsornowww.thomasmonsorno.com HaftungsausschlussTrotz sorgf\u00e4ltiger inhaltlicher [&hellip;]\" \/>\n<meta property=\"og:url\" content=\"https:\/\/myfischerhof.com\/it\/impressum\/\" \/>\n<meta property=\"og:site_name\" content=\"Fischerhof Kurtatsch S\u00fcdtirol Pizzeria\" \/>\n<meta property=\"article:modified_time\" content=\"2025-10-31T07:56:23+00:00\" \/>\n<meta name=\"twitter:card\" content=\"summary_large_image\" \/>\n<meta name=\"twitter:label1\" content=\"Tempo di lettura stimato\" \/>\n\t<meta name=\"twitter:data1\" content=\"1 minuto\" \/>\n<script type=\"application\/ld+json\" class=\"yoast-schema-graph\">{\"@context\":\"https:\/\/schema.org\",\"@graph\":[{\"@type\":\"WebPage\",\"@id\":\"https:\/\/myfischerhof.com\/impressum\/\",\"url\":\"https:\/\/myfischerhof.com\/impressum\/\",\"name\":\"Impressum - Fischerhof Kurtatsch S\u00fcdtirol Pizzeria\",\"isPartOf\":{\"@id\":\"https:\/\/myfischerhof.com\/#website\"},\"datePublished\":\"2025-09-26T12:28:01+00:00\",\"dateModified\":\"2025-10-31T07:56:23+00:00\",\"breadcrumb\":{\"@id\":\"https:\/\/myfischerhof.com\/impressum\/#breadcrumb\"},\"inLanguage\":\"it-IT\",\"potentialAction\":[{\"@type\":\"ReadAction\",\"target\":[\"https:\/\/myfischerhof.com\/impressum\/\"]}]},{\"@type\":\"BreadcrumbList\",\"@id\":\"https:\/\/myfischerhof.com\/impressum\/#breadcrumb\",\"itemListElement\":[{\"@type\":\"ListItem\",\"position\":1,\"name\":\"Startseite\",\"item\":\"https:\/\/myfischerhof.com\/\"},{\"@type\":\"ListItem\",\"position\":2,\"name\":\"Impressum\"}]},{\"@type\":\"WebSite\",\"@id\":\"https:\/\/myfischerhof.com\/#website\",\"url\":\"https:\/\/myfischerhof.com\/\",\"name\":\"Fischerhof Kurtatsch S\u00fcdtirol Pizzeria\",\"description\":\"Unperfekt aber genau darum besonders\",\"publisher\":{\"@id\":\"https:\/\/myfischerhof.com\/#organization\"},\"potentialAction\":[{\"@type\":\"SearchAction\",\"target\":{\"@type\":\"EntryPoint\",\"urlTemplate\":\"https:\/\/myfischerhof.com\/?s={search_term_string}\"},\"query-input\":{\"@type\":\"PropertyValueSpecification\",\"valueRequired\":true,\"valueName\":\"search_term_string\"}}],\"inLanguage\":\"it-IT\"},{\"@type\":\"Organization\",\"@id\":\"https:\/\/myfischerhof.com\/#organization\",\"name\":\"Fischerhof Kurtatsch S\u00fcdtirol Pizzeria\",\"url\":\"https:\/\/myfischerhof.com\/\",\"logo\":{\"@type\":\"ImageObject\",\"inLanguage\":\"it-IT\",\"@id\":\"https:\/\/myfischerhof.com\/#\/schema\/logo\/image\/\",\"url\":\"https:\/\/myfischerhof.com\/wp-content\/uploads\/2025\/03\/3c9af95f-3cdc-495d-8a3f-64b00161a90e_removalai_preview.png\",\"contentUrl\":\"https:\/\/myfischerhof.com\/wp-content\/uploads\/2025\/03\/3c9af95f-3cdc-495d-8a3f-64b00161a90e_removalai_preview.png\",\"width\":600,\"height\":357,\"caption\":\"Fischerhof Kurtatsch S\u00fcdtirol Pizzeria\"},\"image\":{\"@id\":\"https:\/\/myfischerhof.com\/#\/schema\/logo\/image\/\"}}]}<\/script>\n<!-- \/ Yoast SEO plugin. -->","yoast_head_json":{"title":"Impressum - Fischerhof Kurtatsch S\u00fcdtirol Pizzeria","robots":{"index":"index","follow":"follow","max-snippet":"max-snippet:-1","max-image-preview":"max-image-preview:large","max-video-preview":"max-video-preview:-1"},"canonical":"https:\/\/myfischerhof.com\/it\/impressum\/","og_locale":"it_IT","og_type":"article","og_title":"Impressum - Fischerhof Kurtatsch S\u00fcdtirol Pizzeria","og_description":"zur\u00fcck zur Startseite Impressum Eigent\u00fcmer &amp; Verantwortlich f\u00fcr den Inhalt Fischerhof KurtatschHorst Fischer (Inhaber)Breitbach 539040 Kurtatsch (S\u00fcdtirol, Italien) Ansprechpartner: Herr Horst FischerE-Mail: info@fischerhof-kurtatsch.comTelefon: +39 0471 880022Website: www.myfischerhof.it MwSt.-Nr.: IT 02201070212Eintragung Handelskammer Bozen &#8211; REA Nr. BZ162427 Konzeption &amp; Design: Studio Wellwww.we-ll.it Ansprechpartner*in: Elisabeth Pichler-Volp Programmierung: Studio Z\u00e8www.studio-ze.de Ansprechpartner: Ivan Zelenika Fotografie:Thomas Monsornowww.thomasmonsorno.com HaftungsausschlussTrotz sorgf\u00e4ltiger inhaltlicher [&hellip;]","og_url":"https:\/\/myfischerhof.com\/it\/impressum\/","og_site_name":"Fischerhof Kurtatsch S\u00fcdtirol Pizzeria","article_modified_time":"2025-10-31T07:56:23+00:00","twitter_card":"summary_large_image","twitter_misc":{"Tempo di lettura stimato":"1 minuto"},"schema":{"@context":"https:\/\/schema.org","@graph":[{"@type":"WebPage","@id":"https:\/\/myfischerhof.com\/impressum\/","url":"https:\/\/myfischerhof.com\/impressum\/","name":"Impressum - Fischerhof Kurtatsch S\u00fcdtirol Pizzeria","isPartOf":{"@id":"https:\/\/myfischerhof.com\/#website"},"datePublished":"2025-09-26T12:28:01+00:00","dateModified":"2025-10-31T07:56:23+00:00","breadcrumb":{"@id":"https:\/\/myfischerhof.com\/impressum\/#breadcrumb"},"inLanguage":"it-IT","potentialAction":[{"@type":"ReadAction","target":["https:\/\/myfischerhof.com\/impressum\/"]}]},{"@type":"BreadcrumbList","@id":"https:\/\/myfischerhof.com\/impressum\/#breadcrumb","itemListElement":[{"@type":"ListItem","position":1,"name":"Startseite","item":"https:\/\/myfischerhof.com\/"},{"@type":"ListItem","position":2,"name":"Impressum"}]},{"@type":"WebSite","@id":"https:\/\/myfischerhof.com\/#website","url":"https:\/\/myfischerhof.com\/","name":"Fischerhof Kurtatsch S\u00fcdtirol Pizzeria","description":"Unperfekt aber genau darum besonders","publisher":{"@id":"https:\/\/myfischerhof.com\/#organization"},"potentialAction":[{"@type":"SearchAction","target":{"@type":"EntryPoint","urlTemplate":"https:\/\/myfischerhof.com\/?s={search_term_string}"},"query-input":{"@type":"PropertyValueSpecification","valueRequired":true,"valueName":"search_term_string"}}],"inLanguage":"it-IT"},{"@type":"Organization","@id":"https:\/\/myfischerhof.com\/#organization","name":"Fischerhof Kurtatsch S\u00fcdtirol Pizzeria","url":"https:\/\/myfischerhof.com\/","logo":{"@type":"ImageObject","inLanguage":"it-IT","@id":"https:\/\/myfischerhof.com\/#\/schema\/logo\/image\/","url":"https:\/\/myfischerhof.com\/wp-content\/uploads\/2025\/03\/3c9af95f-3cdc-495d-8a3f-64b00161a90e_removalai_preview.png","contentUrl":"https:\/\/myfischerhof.com\/wp-content\/uploads\/2025\/03\/3c9af95f-3cdc-495d-8a3f-64b00161a90e_removalai_preview.png","width":600,"height":357,"caption":"Fischerhof Kurtatsch S\u00fcdtirol Pizzeria"},"image":{"@id":"https:\/\/myfischerhof.com\/#\/schema\/logo\/image\/"}}]}},"_links":{"self":[{"href":"https:\/\/myfischerhof.com\/it\/wp-json\/wp\/v2\/pages\/488","targetHints":{"allow":["GET"]}}],"collection":[{"href":"https:\/\/myfischerhof.com\/it\/wp-json\/wp\/v2\/pages"}],"about":[{"href":"https:\/\/myfischerhof.com\/it\/wp-json\/wp\/v2\/types\/page"}],"author":[{"embeddable":true,"href":"https:\/\/myfischerhof.com\/it\/wp-json\/wp\/v2\/users\/1"}],"replies":[{"embeddable":true,"href":"https:\/\/myfischerhof.com\/it\/wp-json\/wp\/v2\/comments?post=488"}],"version-history":[{"count":55,"href":"https:\/\/myfischerhof.com\/it\/wp-json\/wp\/v2\/pages\/488\/revisions"}],"predecessor-version":[{"id":1845,"href":"https:\/\/myfischerhof.com\/it\/wp-json\/wp\/v2\/pages\/488\/revisions\/1845"}],"wp:attachment":[{"href":"https:\/\/myfischerhof.com\/it\/wp-json\/wp\/v2\/media?parent=488"}],"curies":[{"name":"wp","href":"https:\/\/api.w.org\/{rel}","templated":true}]}}